{"id":3,"date":"2020-04-26T16:47:09","date_gmt":"2020-04-26T14:47:09","guid":{"rendered":"https:\/\/detoutazimut.com\/?page_id=3"},"modified":"2024-04-24T15:33:30","modified_gmt":"2024-04-24T13:33:30","slug":"politique-de-confidentialite","status":"publish","type":"page","link":"https:\/\/detoutazimut.com\/index.php\/politique-de-confidentialite\/","title":{"rendered":"Politique de confidentialit\u00e9"},"content":{"rendered":"\t\t<div data-elementor-type=\"wp-page\" data-elementor-id=\"3\" class=\"elementor elementor-3\">\n\t\t\t\t\t\t<section class=\"elementor-section elementor-top-section elementor-element elementor-element-699f622b elementor-section-boxed elementor-section-height-default elementor-section-height-default\" data-id=\"699f622b\" data-element_type=\"section\" data-e-type=\"section\" data-settings=\"{&quot;background_background&quot;:&quot;classic&quot;,&quot;shape_divider_bottom&quot;:&quot;mountains&quot;}\">\n\t\t\t\t\t<div class=\"elementor-shape elementor-shape-bottom\" aria-hidden=\"true\" data-negative=\"false\">\n\t\t\t<svg xmlns=\"http:\/\/www.w3.org\/2000\/svg\" viewBox=\"0 0 1000 100\" preserveAspectRatio=\"none\">\n\t<path class=\"elementor-shape-fill\" opacity=\"0.33\" d=\"M473,67.3c-203.9,88.3-263.1-34-320.3,0C66,119.1,0,59.7,0,59.7V0h1000v59.7 c0,0-62.1,26.1-94.9,29.3c-32.8,3.3-62.8-12.3-75.8-22.1C806,49.6,745.3,8.7,694.9,4.7S492.4,59,473,67.3z\"\/>\n\t<path class=\"elementor-shape-fill\" opacity=\"0.66\" d=\"M734,67.3c-45.5,0-77.2-23.2-129.1-39.1c-28.6-8.7-150.3-10.1-254,39.1 s-91.7-34.4-149.2,0C115.7,118.3,0,39.8,0,39.8V0h1000v36.5c0,0-28.2-18.5-92.1-18.5C810.2,18.1,775.7,67.3,734,67.3z\"\/>\n\t<path class=\"elementor-shape-fill\" d=\"M766.1,28.9c-200-57.5-266,65.5-395.1,19.5C242,1.8,242,5.4,184.8,20.6C128,35.8,132.3,44.9,89.9,52.5C28.6,63.7,0,0,0,0 h1000c0,0-9.9,40.9-83.6,48.1S829.6,47,766.1,28.9z\"\/>\n<\/svg>\t\t<\/div>\n\t\t\t\t\t<div class=\"elementor-container elementor-column-gap-default\">\n\t\t\t\t\t<div class=\"elementor-column elementor-col-100 elementor-top-column elementor-element elementor-element-73649ecc\" data-id=\"73649ecc\" data-element_type=\"column\" data-e-type=\"column\">\n\t\t\t<div class=\"elementor-widget-wrap elementor-element-populated\">\n\t\t\t\t\t\t<div class=\"elementor-element elementor-element-2e443fbe elementor-widget elementor-widget-text-editor\" data-id=\"2e443fbe\" data-element_type=\"widget\" data-e-type=\"widget\" data-widget_type=\"text-editor.default\">\n\t\t\t\t<div class=\"elementor-widget-container\">\n\t\t\t\t\t\t\t\t\t<div class=\"et_pb_column et_pb_column_4_4 et_pb_column_1 et_pb_css_mix_blend_mode_passthrough et-last-child\"><div class=\"et_pb_module et_pb_text et_pb_text_2 et_pb_text_align_left et_pb_bg_layout_light\"><div class=\"et_pb_text_inner\"><div><div><div><div><h3 class=\"wp-block-heading\">UTILISATION DES DONN\u00c9ES \/ Loi Informatique et Libert\u00e9s et R\u00e8glement G\u00e9n\u00e9ral sur la Protection des Donn\u00e9es (RGPD)<\/h3><\/div><\/div><\/div><\/div><\/div><\/div><div class=\"et_pb_module et_pb_text et_pb_text_3 et_pb_text_align_left et_pb_bg_layout_light\"><div class=\"et_pb_text_inner\"><div><div><div><div><p>UTILISATION DES DONN\u00c9ES PRIV\u00c9ES \u2013 G\u00c9N\u00c9RALIT\u00c9S<\/p><\/div><\/div><div><div><p><strong><a href=\"https:\/\/detoutazimut.com\/\">L&rsquo;association De Tout Azimut<\/a><\/strong> s\u2019engage \u00e0 ce que la collecte et le traitement de vos donn\u00e9es personnelles, effectu\u00e9s \u00e0 partir du site <a href=\"https:\/\/detoutazimut.com\/\"><strong>https:\/\/detoutazimut.com\/<\/strong><\/a>, soient conformes \u00e0 la Loi Informatique et Libert\u00e9s ainsi qu\u2019au R\u00e8glement G\u00e9n\u00e9ral sur la Protection des Donn\u00e9es (RGPD) entr\u00e9e en vigueur le 25 mai 2018.<\/p><p><strong><a href=\"https:\/\/detoutazimut.com\/\">De Tout Azimut<\/a><\/strong> collecte et traite des informations telles que : nom, adresse e-mail, t\u00e9l\u00e9phone.<\/p><p>Nous collectons ces informations lorsque vous nous contactez via le formulaire de contact.<\/p><p>Le formulaire de contact pr\u00e9sent sur le site <strong><a href=\"https:\/\/detoutazimut.com\/\">https:\/\/detoutazimut.com\/<\/a><\/strong> limite la collecte de vos donn\u00e9es personnelles au strict n\u00e9cessaire :<\/p><p>Les donn\u00e9es collect\u00e9es sont : les noms et adresse mail et num\u00e9ro de t\u00e9l\u00e9phone.<br \/>Objectif : r\u00e9pondre \u00e0 votre demande.<br \/>Dur\u00e9e de conservation : 36 mois (suppression possible \u00e0 tout moment sur demande de votre part).<br \/>Personne qui conserve et traite ces donn\u00e9es : Mr Fabrice Pages.<\/p><p>Nous n&rsquo;utilisons pas de cookies d\u2019analyse de trafic sur notre site web.<\/p><\/div><\/div><\/div><\/div><\/div><\/div><\/div>\t\t\t\t\t\t\t\t<\/div>\n\t\t\t\t<\/div>\n\t\t\t\t<div class=\"elementor-element elementor-element-d42c367 elementor-widget elementor-widget-text-editor\" data-id=\"d42c367\" data-element_type=\"widget\" data-e-type=\"widget\" data-widget_type=\"text-editor.default\">\n\t\t\t\t<div class=\"elementor-widget-container\">\n\t\t\t\t\t\t\t\t\t<div class=\"et_pb_column et_pb_column_4_4 et_pb_column_1  et_pb_css_mix_blend_mode_passthrough et-last-child\">\n<div class=\"et_pb_module et_pb_text et_pb_text_4  et_pb_text_align_left et_pb_bg_layout_light\">\n<div class=\"et_pb_text_inner\">\n<div>\n<div>\n<div>\n<div>\n<h3 class=\"wp-block-heading\">DROITS D\u2019ACC\u00c8S, DE RECTIFICATION ET DE SUPPRESSION DE VOS DONN\u00c9ES<\/h3>\n<\/div>\n<\/div>\n<\/div>\n<\/div>\n<\/div>\n<\/div>\n<div class=\"et_pb_module et_pb_text et_pb_text_5  et_pb_text_align_left et_pb_bg_layout_light\">\n<div class=\"et_pb_text_inner\">\n<div>\n<div>\n<div>\n<div>\n<p>Vous pouvez demander l\u2019acc\u00e8s \u00e0 vos informations, \u00e0 la rectification ou \u00e0 la suppression de celle-ci.<\/p>\n<p>Pour toutes informations suppl\u00e9mentaires ou demande de modification\/suppression de vos donn\u00e9es priv\u00e9es, vous pouvez nous contacter :<\/p>\n<p>Par mail via notre formulaire de contact<\/p>\n<p><strong><a href=\"https:\/\/detoutazimut.com\/\">L&rsquo;association De Tout Azimut<\/a> <a href=\"https:\/\/mars-webdesign.com\/\"><\/a><\/strong> dispose d\u2019un d\u00e9lai de r\u00e9ponse de 2 mois suivant la date d\u2019envoi de votre demande.<\/p>\n<p>Pour en savoir plus sur vos droits, nous vous invitons \u00e0 consulter le site de la CNIL.<\/p>\n<\/div>\n<\/div>\n<\/div>\n<\/div>\n<\/div>\n<\/div>\n<\/div>\t\t\t\t\t\t\t\t<\/div>\n\t\t\t\t<\/div>\n\t\t\t\t\t<\/div>\n\t\t<\/div>\n\t\t\t\t\t<\/div>\n\t\t<\/section>\n\t\t\t\t<section class=\"elementor-section elementor-top-section elementor-element elementor-element-6db4ffa4 elementor-section-boxed elementor-section-height-default elementor-section-height-default\" data-id=\"6db4ffa4\" data-element_type=\"section\" data-e-type=\"section\" data-settings=\"{&quot;background_background&quot;:&quot;classic&quot;}\">\n\t\t\t\t\t\t<div class=\"elementor-container elementor-column-gap-default\">\n\t\t\t\t\t<div class=\"elementor-column elementor-col-25 elementor-top-column elementor-element elementor-element-3a47bde8\" data-id=\"3a47bde8\" data-element_type=\"column\" data-e-type=\"column\">\n\t\t\t<div class=\"elementor-widget-wrap elementor-element-populated\">\n\t\t\t\t\t\t<div class=\"elementor-element elementor-element-77d968b3 elementor-align-center elementor-widget elementor-widget-button\" data-id=\"77d968b3\" data-element_type=\"widget\" data-e-type=\"widget\" data-widget_type=\"button.default\">\n\t\t\t\t<div class=\"elementor-widget-container\">\n\t\t\t\t\t\t\t\t\t<div class=\"elementor-button-wrapper\">\n\t\t\t\t\t<a class=\"elementor-button elementor-button-link elementor-size-sm\" href=\"https:\/\/detoutazimut.com\/\">\n\t\t\t\t\t\t<span class=\"elementor-button-content-wrapper\">\n\t\t\t\t\t\t\t\t\t<span class=\"elementor-button-text\">L'ASSOCIATION<\/span>\n\t\t\t\t\t<\/span>\n\t\t\t\t\t<\/a>\n\t\t\t\t<\/div>\n\t\t\t\t\t\t\t\t<\/div>\n\t\t\t\t<\/div>\n\t\t\t\t\t<\/div>\n\t\t<\/div>\n\t\t\t\t<div class=\"elementor-column elementor-col-25 elementor-top-column elementor-element elementor-element-4d4230bc\" data-id=\"4d4230bc\" data-element_type=\"column\" data-e-type=\"column\">\n\t\t\t<div class=\"elementor-widget-wrap elementor-element-populated\">\n\t\t\t\t\t\t<div class=\"elementor-element elementor-element-54621618 elementor-align-center elementor-widget elementor-widget-button\" data-id=\"54621618\" data-element_type=\"widget\" data-e-type=\"widget\" data-widget_type=\"button.default\">\n\t\t\t\t<div class=\"elementor-widget-container\">\n\t\t\t\t\t\t\t\t\t<div class=\"elementor-button-wrapper\">\n\t\t\t\t\t<a class=\"elementor-button elementor-button-link elementor-size-sm\" href=\"https:\/\/detoutazimut.com\/index.php\/politique-de-confidentialite\/\">\n\t\t\t\t\t\t<span class=\"elementor-button-content-wrapper\">\n\t\t\t\t\t\t\t\t\t<span class=\"elementor-button-text\">CONFIDENTIALIT\u00c9<\/span>\n\t\t\t\t\t<\/span>\n\t\t\t\t\t<\/a>\n\t\t\t\t<\/div>\n\t\t\t\t\t\t\t\t<\/div>\n\t\t\t\t<\/div>\n\t\t\t\t\t<\/div>\n\t\t<\/div>\n\t\t\t\t<div class=\"elementor-column elementor-col-25 elementor-top-column elementor-element elementor-element-56c7ab62\" data-id=\"56c7ab62\" data-element_type=\"column\" data-e-type=\"column\">\n\t\t\t<div class=\"elementor-widget-wrap elementor-element-populated\">\n\t\t\t\t\t\t<div class=\"elementor-element elementor-element-f3e005f elementor-align-center elementor-widget elementor-widget-button\" data-id=\"f3e005f\" data-element_type=\"widget\" data-e-type=\"widget\" data-widget_type=\"button.default\">\n\t\t\t\t<div class=\"elementor-widget-container\">\n\t\t\t\t\t\t\t\t\t<div class=\"elementor-button-wrapper\">\n\t\t\t\t\t<a class=\"elementor-button elementor-button-link elementor-size-sm\" href=\"https:\/\/detoutazimut.com\/index.php\/mentions-legales\/\">\n\t\t\t\t\t\t<span class=\"elementor-button-content-wrapper\">\n\t\t\t\t\t\t\t\t\t<span class=\"elementor-button-text\">MENTIONS L\u00c9GALES<\/span>\n\t\t\t\t\t<\/span>\n\t\t\t\t\t<\/a>\n\t\t\t\t<\/div>\n\t\t\t\t\t\t\t\t<\/div>\n\t\t\t\t<\/div>\n\t\t\t\t\t<\/div>\n\t\t<\/div>\n\t\t\t\t<div class=\"elementor-column elementor-col-25 elementor-top-column elementor-element elementor-element-12bf383a\" data-id=\"12bf383a\" data-element_type=\"column\" data-e-type=\"column\">\n\t\t\t<div class=\"elementor-widget-wrap elementor-element-populated\">\n\t\t\t\t\t\t<div class=\"elementor-element elementor-element-724ef42a elementor-align-center elementor-widget elementor-widget-button\" data-id=\"724ef42a\" data-element_type=\"widget\" data-e-type=\"widget\" data-widget_type=\"button.default\">\n\t\t\t\t<div class=\"elementor-widget-container\">\n\t\t\t\t\t\t\t\t\t<div class=\"elementor-button-wrapper\">\n\t\t\t\t\t<a class=\"elementor-button elementor-button-link elementor-size-sm\" href=\"https:\/\/detoutazimut.com\/index.php\/contact-et-inscription\/\">\n\t\t\t\t\t\t<span class=\"elementor-button-content-wrapper\">\n\t\t\t\t\t\t\t\t\t<span class=\"elementor-button-text\">CONTACT<\/span>\n\t\t\t\t\t<\/span>\n\t\t\t\t\t<\/a>\n\t\t\t\t<\/div>\n\t\t\t\t\t\t\t\t<\/div>\n\t\t\t\t<\/div>\n\t\t\t\t\t<\/div>\n\t\t<\/div>\n\t\t\t\t\t<\/div>\n\t\t<\/section>\n\t\t\t\t<section class=\"elementor-section elementor-top-section elementor-element elementor-element-7d2f0a62 elementor-section-boxed elementor-section-height-default elementor-section-height-default\" data-id=\"7d2f0a62\" data-element_type=\"section\" data-e-type=\"section\" data-settings=\"{&quot;background_background&quot;:&quot;classic&quot;}\">\n\t\t\t\t\t\t<div class=\"elementor-container elementor-column-gap-default\">\n\t\t\t\t\t<div class=\"elementor-column elementor-col-100 elementor-top-column elementor-element elementor-element-15ef6920\" data-id=\"15ef6920\" data-element_type=\"column\" data-e-type=\"column\">\n\t\t\t<div class=\"elementor-widget-wrap elementor-element-populated\">\n\t\t\t\t\t\t<div class=\"elementor-element elementor-element-3fba8131 elementor-widget elementor-widget-text-editor\" data-id=\"3fba8131\" data-element_type=\"widget\" data-e-type=\"widget\" data-widget_type=\"text-editor.default\">\n\t\t\t\t<div class=\"elementor-widget-container\">\n\t\t\t\t\t\t\t\t\t<p style=\"text-align: center;\">\u00a9 Association De Tout Azimut <span class=\"divibooster_year\">2024<\/span> &#8211; Tous droits r\u00e9serv\u00e9s<\/p>\t\t\t\t\t\t\t\t<\/div>\n\t\t\t\t<\/div>\n\t\t\t\t\t<\/div>\n\t\t<\/div>\n\t\t\t\t\t<\/div>\n\t\t<\/section>\n\t\t\t\t<\/div>\n\t\t","protected":false},"excerpt":{"rendered":"<p>UTILISATION DES DONN\u00c9ES \/ Loi Informatique et Libert\u00e9s et R\u00e8glement G\u00e9n\u00e9ral sur la Protection des Donn\u00e9es (RGPD) UTILISATION DES DONN\u00c9ES PRIV\u00c9ES \u2013 G\u00c9N\u00c9RALIT\u00c9S L&rsquo;association De Tout Azimut s\u2019engage \u00e0 ce que la collecte et le traitement de vos donn\u00e9es personnelles, effectu\u00e9s \u00e0 partir du site https:\/\/detoutazimut.com\/, soient conformes \u00e0 la [&hellip;]<\/p>\n","protected":false},"author":1,"featured_media":0,"parent":0,"menu_order":0,"comment_status":"closed","ping_status":"open","template":"elementor_header_footer","meta":{"footnotes":""},"class_list":["post-3","page","type-page","status-publish","hentry"],"yoast_head":"<!-- This site is optimized with the Yoast SEO plugin v27.6 - https:\/\/yoast.com\/product\/yoast-seo-wordpress\/ -->\n<title>Politique de confidentialit\u00e9 - Association De Tout Azimut<\/title>\n<meta name=\"description\" content=\"Animation cirque Marseille, initiation cirque Marseille, d\u00e9couverte cirque Marseille, stage de cirque Marseille enfants de 6-12 ans\" \/>\n<meta name=\"robots\" content=\"index, follow, max-snippet:-1, max-image-preview:large, max-video-preview:-1\" \/>\n<link rel=\"canonical\" href=\"https:\/\/detoutazimut.com\/index.php\/politique-de-confidentialite\/\" \/>\n<meta property=\"og:locale\" content=\"fr_FR\" \/>\n<meta property=\"og:type\" content=\"article\" \/>\n<meta property=\"og:title\" content=\"Politique de confidentialit\u00e9 - Association De Tout Azimut\" \/>\n<meta property=\"og:description\" content=\"Animation cirque Marseille, initiation cirque Marseille, d\u00e9couverte cirque Marseille, stage de cirque Marseille enfants de 6-12 ans\" \/>\n<meta property=\"og:url\" content=\"https:\/\/detoutazimut.com\/index.php\/politique-de-confidentialite\/\" \/>\n<meta property=\"og:site_name\" content=\"Association De Tout Azimut\" \/>\n<meta property=\"article:modified_time\" content=\"2024-04-24T13:33:30+00:00\" \/>\n<meta name=\"twitter:card\" content=\"summary_large_image\" \/>\n<meta name=\"twitter:label1\" content=\"Dur\u00e9e de lecture estim\u00e9e\" \/>\n\t<meta name=\"twitter:data1\" content=\"2 minutes\" \/>\n<script type=\"application\/ld+json\" class=\"yoast-schema-graph\">{\"@context\":\"https:\\\/\\\/schema.org\",\"@graph\":[{\"@type\":\"WebPage\",\"@id\":\"https:\\\/\\\/detoutazimut.com\\\/index.php\\\/politique-de-confidentialite\\\/\",\"url\":\"https:\\\/\\\/detoutazimut.com\\\/index.php\\\/politique-de-confidentialite\\\/\",\"name\":\"Politique de confidentialit\u00e9 - Association De Tout Azimut\",\"isPartOf\":{\"@id\":\"https:\\\/\\\/detoutazimut.com\\\/#website\"},\"datePublished\":\"2020-04-26T14:47:09+00:00\",\"dateModified\":\"2024-04-24T13:33:30+00:00\",\"description\":\"Animation cirque Marseille, initiation cirque Marseille, d\u00e9couverte cirque Marseille, stage de cirque Marseille enfants de 6-12 ans\",\"breadcrumb\":{\"@id\":\"https:\\\/\\\/detoutazimut.com\\\/index.php\\\/politique-de-confidentialite\\\/#breadcrumb\"},\"inLanguage\":\"fr-FR\",\"potentialAction\":[{\"@type\":\"ReadAction\",\"target\":[\"https:\\\/\\\/detoutazimut.com\\\/index.php\\\/politique-de-confidentialite\\\/\"]}]},{\"@type\":\"BreadcrumbList\",\"@id\":\"https:\\\/\\\/detoutazimut.com\\\/index.php\\\/politique-de-confidentialite\\\/#breadcrumb\",\"itemListElement\":[{\"@type\":\"ListItem\",\"position\":1,\"name\":\"Accueil\",\"item\":\"https:\\\/\\\/detoutazimut.com\\\/\"},{\"@type\":\"ListItem\",\"position\":2,\"name\":\"Politique de confidentialit\u00e9\"}]},{\"@type\":\"WebSite\",\"@id\":\"https:\\\/\\\/detoutazimut.com\\\/#website\",\"url\":\"https:\\\/\\\/detoutazimut.com\\\/\",\"name\":\"Association De Tout Azimut\",\"description\":\"Cours et initiation cirque pour les 4-12 ans \u00e0 Marseille\",\"publisher\":{\"@id\":\"https:\\\/\\\/detoutazimut.com\\\/#\\\/schema\\\/person\\\/09e895a1c9a834b0fd75e7feb5c35e37\"},\"potentialAction\":[{\"@type\":\"SearchAction\",\"target\":{\"@type\":\"EntryPoint\",\"urlTemplate\":\"https:\\\/\\\/detoutazimut.com\\\/?s={search_term_string}\"},\"query-input\":{\"@type\":\"PropertyValueSpecification\",\"valueRequired\":true,\"valueName\":\"search_term_string\"}}],\"inLanguage\":\"fr-FR\"},{\"@type\":[\"Person\",\"Organization\"],\"@id\":\"https:\\\/\\\/detoutazimut.com\\\/#\\\/schema\\\/person\\\/09e895a1c9a834b0fd75e7feb5c35e37\",\"name\":\"Fabrice\",\"image\":{\"@type\":\"ImageObject\",\"inLanguage\":\"fr-FR\",\"@id\":\"https:\\\/\\\/detoutazimut.com\\\/wp-content\\\/uploads\\\/2020\\\/04\\\/logo-association-de-tout-azimut-2024.png\",\"url\":\"https:\\\/\\\/detoutazimut.com\\\/wp-content\\\/uploads\\\/2020\\\/04\\\/logo-association-de-tout-azimut-2024.png\",\"contentUrl\":\"https:\\\/\\\/detoutazimut.com\\\/wp-content\\\/uploads\\\/2020\\\/04\\\/logo-association-de-tout-azimut-2024.png\",\"width\":732,\"height\":202,\"caption\":\"Fabrice\"},\"logo\":{\"@id\":\"https:\\\/\\\/detoutazimut.com\\\/wp-content\\\/uploads\\\/2020\\\/04\\\/logo-association-de-tout-azimut-2024.png\"},\"sameAs\":[\"https:\\\/\\\/detoutazimut.com\"]}]}<\/script>\n<!-- \/ Yoast SEO plugin. -->","yoast_head_json":{"title":"Politique de confidentialit\u00e9 - Association De Tout Azimut","description":"Animation cirque Marseille, initiation cirque Marseille, d\u00e9couverte cirque Marseille, stage de cirque Marseille enfants de 6-12 ans","robots":{"index":"index","follow":"follow","max-snippet":"max-snippet:-1","max-image-preview":"max-image-preview:large","max-video-preview":"max-video-preview:-1"},"canonical":"https:\/\/detoutazimut.com\/index.php\/politique-de-confidentialite\/","og_locale":"fr_FR","og_type":"article","og_title":"Politique de confidentialit\u00e9 - Association De Tout Azimut","og_description":"Animation cirque Marseille, initiation cirque Marseille, d\u00e9couverte cirque Marseille, stage de cirque Marseille enfants de 6-12 ans","og_url":"https:\/\/detoutazimut.com\/index.php\/politique-de-confidentialite\/","og_site_name":"Association De Tout Azimut","article_modified_time":"2024-04-24T13:33:30+00:00","twitter_card":"summary_large_image","twitter_misc":{"Dur\u00e9e de lecture estim\u00e9e":"2 minutes"},"schema":{"@context":"https:\/\/schema.org","@graph":[{"@type":"WebPage","@id":"https:\/\/detoutazimut.com\/index.php\/politique-de-confidentialite\/","url":"https:\/\/detoutazimut.com\/index.php\/politique-de-confidentialite\/","name":"Politique de confidentialit\u00e9 - Association De Tout Azimut","isPartOf":{"@id":"https:\/\/detoutazimut.com\/#website"},"datePublished":"2020-04-26T14:47:09+00:00","dateModified":"2024-04-24T13:33:30+00:00","description":"Animation cirque Marseille, initiation cirque Marseille, d\u00e9couverte cirque Marseille, stage de cirque Marseille enfants de 6-12 ans","breadcrumb":{"@id":"https:\/\/detoutazimut.com\/index.php\/politique-de-confidentialite\/#breadcrumb"},"inLanguage":"fr-FR","potentialAction":[{"@type":"ReadAction","target":["https:\/\/detoutazimut.com\/index.php\/politique-de-confidentialite\/"]}]},{"@type":"BreadcrumbList","@id":"https:\/\/detoutazimut.com\/index.php\/politique-de-confidentialite\/#breadcrumb","itemListElement":[{"@type":"ListItem","position":1,"name":"Accueil","item":"https:\/\/detoutazimut.com\/"},{"@type":"ListItem","position":2,"name":"Politique de confidentialit\u00e9"}]},{"@type":"WebSite","@id":"https:\/\/detoutazimut.com\/#website","url":"https:\/\/detoutazimut.com\/","name":"Association De Tout Azimut","description":"Cours et initiation cirque pour les 4-12 ans \u00e0 Marseille","publisher":{"@id":"https:\/\/detoutazimut.com\/#\/schema\/person\/09e895a1c9a834b0fd75e7feb5c35e37"},"potentialAction":[{"@type":"SearchAction","target":{"@type":"EntryPoint","urlTemplate":"https:\/\/detoutazimut.com\/?s={search_term_string}"},"query-input":{"@type":"PropertyValueSpecification","valueRequired":true,"valueName":"search_term_string"}}],"inLanguage":"fr-FR"},{"@type":["Person","Organization"],"@id":"https:\/\/detoutazimut.com\/#\/schema\/person\/09e895a1c9a834b0fd75e7feb5c35e37","name":"Fabrice","image":{"@type":"ImageObject","inLanguage":"fr-FR","@id":"https:\/\/detoutazimut.com\/wp-content\/uploads\/2020\/04\/logo-association-de-tout-azimut-2024.png","url":"https:\/\/detoutazimut.com\/wp-content\/uploads\/2020\/04\/logo-association-de-tout-azimut-2024.png","contentUrl":"https:\/\/detoutazimut.com\/wp-content\/uploads\/2020\/04\/logo-association-de-tout-azimut-2024.png","width":732,"height":202,"caption":"Fabrice"},"logo":{"@id":"https:\/\/detoutazimut.com\/wp-content\/uploads\/2020\/04\/logo-association-de-tout-azimut-2024.png"},"sameAs":["https:\/\/detoutazimut.com"]}]}},"_links":{"self":[{"href":"https:\/\/detoutazimut.com\/index.php\/wp-json\/wp\/v2\/pages\/3","targetHints":{"allow":["GET"]}}],"collection":[{"href":"https:\/\/detoutazimut.com\/index.php\/wp-json\/wp\/v2\/pages"}],"about":[{"href":"https:\/\/detoutazimut.com\/index.php\/wp-json\/wp\/v2\/types\/page"}],"author":[{"embeddable":true,"href":"https:\/\/detoutazimut.com\/index.php\/wp-json\/wp\/v2\/users\/1"}],"replies":[{"embeddable":true,"href":"https:\/\/detoutazimut.com\/index.php\/wp-json\/wp\/v2\/comments?post=3"}],"version-history":[{"count":30,"href":"https:\/\/detoutazimut.com\/index.php\/wp-json\/wp\/v2\/pages\/3\/revisions"}],"predecessor-version":[{"id":2094,"href":"https:\/\/detoutazimut.com\/index.php\/wp-json\/wp\/v2\/pages\/3\/revisions\/2094"}],"wp:attachment":[{"href":"https:\/\/detoutazimut.com\/index.php\/wp-json\/wp\/v2\/media?parent=3"}],"curies":[{"name":"wp","href":"https:\/\/api.w.org\/{rel}","templated":true}]}}