{"id":1357,"date":"2024-01-17T14:41:58","date_gmt":"2024-01-17T13:41:58","guid":{"rendered":"https:\/\/detoutazimut.com\/?page_id=1357"},"modified":"2024-04-24T15:36:20","modified_gmt":"2024-04-24T13:36:20","slug":"mentions-legales","status":"publish","type":"page","link":"https:\/\/detoutazimut.com\/index.php\/mentions-legales\/","title":{"rendered":"Mentions l\u00e9gales"},"content":{"rendered":"\t\t<div data-elementor-type=\"wp-page\" data-elementor-id=\"1357\" class=\"elementor elementor-1357\">\n\t\t\t\t\t\t<section class=\"elementor-section elementor-top-section elementor-element elementor-element-699f622b elementor-section-boxed elementor-section-height-default elementor-section-height-default\" data-id=\"699f622b\" data-element_type=\"section\" data-e-type=\"section\" data-settings=\"{&quot;background_background&quot;:&quot;classic&quot;,&quot;shape_divider_bottom&quot;:&quot;mountains&quot;}\">\n\t\t\t\t\t<div class=\"elementor-shape elementor-shape-bottom\" aria-hidden=\"true\" data-negative=\"false\">\n\t\t\t<svg xmlns=\"http:\/\/www.w3.org\/2000\/svg\" viewBox=\"0 0 1000 100\" preserveAspectRatio=\"none\">\n\t<path class=\"elementor-shape-fill\" opacity=\"0.33\" d=\"M473,67.3c-203.9,88.3-263.1-34-320.3,0C66,119.1,0,59.7,0,59.7V0h1000v59.7 c0,0-62.1,26.1-94.9,29.3c-32.8,3.3-62.8-12.3-75.8-22.1C806,49.6,745.3,8.7,694.9,4.7S492.4,59,473,67.3z\"\/>\n\t<path class=\"elementor-shape-fill\" opacity=\"0.66\" d=\"M734,67.3c-45.5,0-77.2-23.2-129.1-39.1c-28.6-8.7-150.3-10.1-254,39.1 s-91.7-34.4-149.2,0C115.7,118.3,0,39.8,0,39.8V0h1000v36.5c0,0-28.2-18.5-92.1-18.5C810.2,18.1,775.7,67.3,734,67.3z\"\/>\n\t<path class=\"elementor-shape-fill\" d=\"M766.1,28.9c-200-57.5-266,65.5-395.1,19.5C242,1.8,242,5.4,184.8,20.6C128,35.8,132.3,44.9,89.9,52.5C28.6,63.7,0,0,0,0 h1000c0,0-9.9,40.9-83.6,48.1S829.6,47,766.1,28.9z\"\/>\n<\/svg>\t\t<\/div>\n\t\t\t\t\t<div class=\"elementor-container elementor-column-gap-default\">\n\t\t\t\t\t<div class=\"elementor-column elementor-col-100 elementor-top-column elementor-element elementor-element-73649ecc\" data-id=\"73649ecc\" data-element_type=\"column\" data-e-type=\"column\">\n\t\t\t<div class=\"elementor-widget-wrap elementor-element-populated\">\n\t\t\t\t\t\t<div class=\"elementor-element elementor-element-2e443fbe elementor-widget elementor-widget-text-editor\" data-id=\"2e443fbe\" data-element_type=\"widget\" data-e-type=\"widget\" data-widget_type=\"text-editor.default\">\n\t\t\t\t<div class=\"elementor-widget-container\">\n\t\t\t\t\t\t\t\t\t<div class=\"et_pb_column et_pb_column_4_4 et_pb_column_1 et_pb_css_mix_blend_mode_passthrough et-last-child\"><div class=\"et_pb_column et_pb_column_4_4 et_pb_column_1 et_pb_css_mix_blend_mode_passthrough et-last-child\"><div class=\"et_pb_module et_pb_text et_pb_text_2 et_pb_text_align_left et_pb_bg_layout_light\"><div class=\"et_pb_text_inner\"><div><div><div><div><p>Tous les contenus pr\u00e9sents sur le site\u00a0<a href=\"https:\/\/detoutazimut.com\/\"><strong>https:\/\/detoutazimut.com\/<\/strong><\/a> sont couverts par le droit d\u2019auteur, et toute reproduction et utilisation de copies des \u00e9l\u00e9ments de ce site est express\u00e9ment interdite sans autorisation.<\/p><p>Toute reprise doit faire l\u2019objet de l\u2019accord de l\u2019\u00e9diteur en vertu de l\u2019article L.122-4 du Code de la Propri\u00e9t\u00e9 Intellectuelle. Les demandes d\u2019autorisation de reproduction d\u2019un contenu doivent \u00eatre adress\u00e9es via la page : <a href=\"https:\/\/detoutazimut.com\/index.php\/contact-et-inscription\/\"><strong>https:\/\/detoutazimut.com\/index.php\/contact-et-inscription\/<\/strong><\/a><\/p><p>La demande devra pr\u00e9ciser le contenu vis\u00e9 ainsi que le site sur lequel il sera publi\u00e9. Une fois l\u2019autorisation obtenue, la reproduction du contenu devra indiquer la mention suivante : \u00ab Paru sur le site <a href=\"https:\/\/detoutazimut.com\/\"><strong>www.detoutazimut.com<\/strong><\/a> \u00bb.<\/p><p>Cette mention devra en outre pointer gr\u00e2ce \u00e0 un lien hypertexte vers le site <a href=\"https:\/\/detoutazimut.com\/\"><strong>www.detoutazimut.com<\/strong><\/a><a href=\"https:\/\/mars-webdesign.com\/contact\/\"><strong><\/strong><\/a><\/p><p>Le site <strong><a href=\"https:\/\/detoutazimut.com\/\">www.detoutazimut.com<\/a><\/strong> est h\u00e9berg\u00e9 par la soci\u00e9t\u00e9 HOSTINGER operations, UAB \u0160vitrigailos str. 34, Vilnius 03230 Lithuania<\/p><p>Nous faisons nos meilleurs efforts pour assurer l\u2019exactitude de l\u2019ensemble des informations fournies sur ce site. Cependant, les informations fournies peuvent contenir des inexactitudes, omissions ou des erreurs typographiques. Ces informations peuvent \u00eatre corrig\u00e9es, modifi\u00e9es ou mises \u00e0 jour \u00e0 tout moment sans pr\u00e9avis. Nous nous r\u00e9servons le droit de modifier le contenu du pr\u00e9sent site lors de l\u2019actualisation des donn\u00e9es.<\/p><\/div><\/div><\/div><\/div><\/div><\/div><\/div><\/div>\t\t\t\t\t\t\t\t<\/div>\n\t\t\t\t<\/div>\n\t\t\t\t<div class=\"elementor-element elementor-element-200c5fe elementor-widget elementor-widget-heading\" data-id=\"200c5fe\" data-element_type=\"widget\" data-e-type=\"widget\" data-widget_type=\"heading.default\">\n\t\t\t\t<div class=\"elementor-widget-container\">\n\t\t\t\t\t<h3 class=\"elementor-heading-title elementor-size-large\">COORDONN\u00c9ES ASSOCIATION DE TOUT AZIMUT<\/h3>\t\t\t\t<\/div>\n\t\t\t\t<\/div>\n\t\t\t\t<div class=\"elementor-element elementor-element-75010fe elementor-widget elementor-widget-text-editor\" data-id=\"75010fe\" data-element_type=\"widget\" data-e-type=\"widget\" data-widget_type=\"text-editor.default\">\n\t\t\t\t<div class=\"elementor-widget-container\">\n\t\t\t\t\t\t\t\t\t<div><div><div><div><div><div><div><div><div><h3 style=\"text-align: center;\"><strong>De Tout Azimut<\/strong><\/h3><p style=\"text-align: center;\">153 Rue horace Bertin<br \/>13005 Marseille<\/p><p style=\"text-align: center;\">Association loi 1901<\/p><p style=\"text-align: center;\">Identifiant SIREN : 478 651 268 000 11<\/p><p style=\"text-align: center;\">Code APE : 932 A<\/p><p style=\"text-align: center;\">Num\u00e9ro TVA : RFB \u2013 Franchise en base<\/p><p style=\"text-align: center;\">Pr\u00e9sident : Fabrice Pages<\/p><p style=\"text-align: center;\">T\u00e9l\u00e9phone : +33(0)6 68 15 34 31<\/p><\/div><\/div><\/div><\/div><\/div><\/div><\/div><\/div><\/div>\t\t\t\t\t\t\t\t<\/div>\n\t\t\t\t<\/div>\n\t\t\t\t\t<\/div>\n\t\t<\/div>\n\t\t\t\t\t<\/div>\n\t\t<\/section>\n\t\t\t\t<section class=\"elementor-section elementor-top-section elementor-element elementor-element-630201b0 elementor-section-boxed elementor-section-height-default elementor-section-height-default\" data-id=\"630201b0\" data-element_type=\"section\" data-e-type=\"section\" data-settings=\"{&quot;background_background&quot;:&quot;classic&quot;}\">\n\t\t\t\t\t\t<div class=\"elementor-container elementor-column-gap-default\">\n\t\t\t\t\t<div class=\"elementor-column elementor-col-25 elementor-top-column elementor-element elementor-element-562c2c9a\" data-id=\"562c2c9a\" data-element_type=\"column\" data-e-type=\"column\">\n\t\t\t<div class=\"elementor-widget-wrap elementor-element-populated\">\n\t\t\t\t\t\t<div class=\"elementor-element elementor-element-695d6103 elementor-align-center elementor-widget elementor-widget-button\" data-id=\"695d6103\" data-element_type=\"widget\" data-e-type=\"widget\" data-widget_type=\"button.default\">\n\t\t\t\t<div class=\"elementor-widget-container\">\n\t\t\t\t\t\t\t\t\t<div class=\"elementor-button-wrapper\">\n\t\t\t\t\t<a class=\"elementor-button elementor-button-link elementor-size-sm\" href=\"https:\/\/detoutazimut.com\/\">\n\t\t\t\t\t\t<span class=\"elementor-button-content-wrapper\">\n\t\t\t\t\t\t\t\t\t<span class=\"elementor-button-text\">L'ASSOCIATION<\/span>\n\t\t\t\t\t<\/span>\n\t\t\t\t\t<\/a>\n\t\t\t\t<\/div>\n\t\t\t\t\t\t\t\t<\/div>\n\t\t\t\t<\/div>\n\t\t\t\t\t<\/div>\n\t\t<\/div>\n\t\t\t\t<div class=\"elementor-column elementor-col-25 elementor-top-column elementor-element elementor-element-694eb650\" data-id=\"694eb650\" data-element_type=\"column\" data-e-type=\"column\">\n\t\t\t<div class=\"elementor-widget-wrap elementor-element-populated\">\n\t\t\t\t\t\t<div class=\"elementor-element elementor-element-70e12ced elementor-align-center elementor-widget elementor-widget-button\" data-id=\"70e12ced\" data-element_type=\"widget\" data-e-type=\"widget\" data-widget_type=\"button.default\">\n\t\t\t\t<div class=\"elementor-widget-container\">\n\t\t\t\t\t\t\t\t\t<div class=\"elementor-button-wrapper\">\n\t\t\t\t\t<a class=\"elementor-button elementor-button-link elementor-size-sm\" href=\"https:\/\/detoutazimut.com\/index.php\/politique-de-confidentialite\/\">\n\t\t\t\t\t\t<span class=\"elementor-button-content-wrapper\">\n\t\t\t\t\t\t\t\t\t<span class=\"elementor-button-text\">CONFIDENTIALIT\u00c9<\/span>\n\t\t\t\t\t<\/span>\n\t\t\t\t\t<\/a>\n\t\t\t\t<\/div>\n\t\t\t\t\t\t\t\t<\/div>\n\t\t\t\t<\/div>\n\t\t\t\t\t<\/div>\n\t\t<\/div>\n\t\t\t\t<div class=\"elementor-column elementor-col-25 elementor-top-column elementor-element elementor-element-6a88f9d3\" data-id=\"6a88f9d3\" data-element_type=\"column\" data-e-type=\"column\">\n\t\t\t<div class=\"elementor-widget-wrap elementor-element-populated\">\n\t\t\t\t\t\t<div class=\"elementor-element elementor-element-252710c5 elementor-align-center elementor-widget elementor-widget-button\" data-id=\"252710c5\" data-element_type=\"widget\" data-e-type=\"widget\" data-widget_type=\"button.default\">\n\t\t\t\t<div class=\"elementor-widget-container\">\n\t\t\t\t\t\t\t\t\t<div class=\"elementor-button-wrapper\">\n\t\t\t\t\t<a class=\"elementor-button elementor-button-link elementor-size-sm\" href=\"https:\/\/detoutazimut.com\/index.php\/mentions-legales\/\">\n\t\t\t\t\t\t<span class=\"elementor-button-content-wrapper\">\n\t\t\t\t\t\t\t\t\t<span class=\"elementor-button-text\">MENTIONS L\u00c9GALES<\/span>\n\t\t\t\t\t<\/span>\n\t\t\t\t\t<\/a>\n\t\t\t\t<\/div>\n\t\t\t\t\t\t\t\t<\/div>\n\t\t\t\t<\/div>\n\t\t\t\t\t<\/div>\n\t\t<\/div>\n\t\t\t\t<div class=\"elementor-column elementor-col-25 elementor-top-column elementor-element elementor-element-4489f890\" data-id=\"4489f890\" data-element_type=\"column\" data-e-type=\"column\">\n\t\t\t<div class=\"elementor-widget-wrap elementor-element-populated\">\n\t\t\t\t\t\t<div class=\"elementor-element elementor-element-c58acab elementor-align-center elementor-widget elementor-widget-button\" data-id=\"c58acab\" data-element_type=\"widget\" data-e-type=\"widget\" data-widget_type=\"button.default\">\n\t\t\t\t<div class=\"elementor-widget-container\">\n\t\t\t\t\t\t\t\t\t<div class=\"elementor-button-wrapper\">\n\t\t\t\t\t<a class=\"elementor-button elementor-button-link elementor-size-sm\" href=\"https:\/\/detoutazimut.com\/index.php\/contact-et-inscription\/\">\n\t\t\t\t\t\t<span class=\"elementor-button-content-wrapper\">\n\t\t\t\t\t\t\t\t\t<span class=\"elementor-button-text\">CONTACT<\/span>\n\t\t\t\t\t<\/span>\n\t\t\t\t\t<\/a>\n\t\t\t\t<\/div>\n\t\t\t\t\t\t\t\t<\/div>\n\t\t\t\t<\/div>\n\t\t\t\t\t<\/div>\n\t\t<\/div>\n\t\t\t\t\t<\/div>\n\t\t<\/section>\n\t\t\t\t<section class=\"elementor-section elementor-top-section elementor-element elementor-element-c20096c elementor-section-boxed elementor-section-height-default elementor-section-height-default\" data-id=\"c20096c\" data-element_type=\"section\" data-e-type=\"section\" data-settings=\"{&quot;background_background&quot;:&quot;classic&quot;}\">\n\t\t\t\t\t\t<div class=\"elementor-container elementor-column-gap-default\">\n\t\t\t\t\t<div class=\"elementor-column elementor-col-100 elementor-top-column elementor-element elementor-element-574204f8\" data-id=\"574204f8\" data-element_type=\"column\" data-e-type=\"column\">\n\t\t\t<div class=\"elementor-widget-wrap elementor-element-populated\">\n\t\t\t\t\t\t<div class=\"elementor-element elementor-element-2187bbcf elementor-widget elementor-widget-text-editor\" data-id=\"2187bbcf\" data-element_type=\"widget\" data-e-type=\"widget\" data-widget_type=\"text-editor.default\">\n\t\t\t\t<div class=\"elementor-widget-container\">\n\t\t\t\t\t\t\t\t\t<p style=\"text-align: center;\">\u00a9 Association De Tout Azimut <span class=\"divibooster_year\">2024<\/span> &#8211; Tous droits r\u00e9serv\u00e9s<\/p>\t\t\t\t\t\t\t\t<\/div>\n\t\t\t\t<\/div>\n\t\t\t\t\t<\/div>\n\t\t<\/div>\n\t\t\t\t\t<\/div>\n\t\t<\/section>\n\t\t\t\t<\/div>\n\t\t","protected":false},"excerpt":{"rendered":"<p>Tous les contenus pr\u00e9sents sur le site\u00a0https:\/\/detoutazimut.com\/ sont couverts par le droit d\u2019auteur, et toute reproduction et utilisation de copies des \u00e9l\u00e9ments de ce site est express\u00e9ment interdite sans autorisation. Toute reprise doit faire l\u2019objet de l\u2019accord de l\u2019\u00e9diteur en vertu de l\u2019article L.122-4 du Code de la Propri\u00e9t\u00e9 Intellectuelle. [&hellip;]<\/p>\n","protected":false},"author":1,"featured_media":0,"parent":0,"menu_order":0,"comment_status":"closed","ping_status":"closed","template":"elementor_header_footer","meta":{"footnotes":""},"class_list":["post-1357","page","type-page","status-publish","hentry"],"yoast_head":"<!-- This site is optimized with the Yoast SEO plugin v27.6 - https:\/\/yoast.com\/product\/yoast-seo-wordpress\/ -->\n<title>Mentions l\u00e9gales - Association De Tout Azimut<\/title>\n<meta name=\"description\" content=\"Animation cirque Marseille, initiation cirque Marseille, d\u00e9couverte cirque Marseille, stage de cirque Marseille enfants de 6-12 ans\" \/>\n<meta name=\"robots\" content=\"index, follow, max-snippet:-1, max-image-preview:large, max-video-preview:-1\" \/>\n<link rel=\"canonical\" href=\"https:\/\/detoutazimut.com\/index.php\/mentions-legales\/\" \/>\n<meta property=\"og:locale\" content=\"fr_FR\" \/>\n<meta property=\"og:type\" content=\"article\" \/>\n<meta property=\"og:title\" content=\"Mentions l\u00e9gales - Association De Tout Azimut\" \/>\n<meta property=\"og:description\" content=\"Animation cirque Marseille, initiation cirque Marseille, d\u00e9couverte cirque Marseille, stage de cirque Marseille enfants de 6-12 ans\" \/>\n<meta property=\"og:url\" content=\"https:\/\/detoutazimut.com\/index.php\/mentions-legales\/\" \/>\n<meta property=\"og:site_name\" content=\"Association De Tout Azimut\" \/>\n<meta property=\"article:modified_time\" content=\"2024-04-24T13:36:20+00:00\" \/>\n<meta name=\"twitter:card\" content=\"summary_large_image\" \/>\n<meta name=\"twitter:label1\" content=\"Dur\u00e9e de lecture estim\u00e9e\" \/>\n\t<meta name=\"twitter:data1\" content=\"2 minutes\" \/>\n<script type=\"application\/ld+json\" class=\"yoast-schema-graph\">{\"@context\":\"https:\\\/\\\/schema.org\",\"@graph\":[{\"@type\":\"WebPage\",\"@id\":\"https:\\\/\\\/detoutazimut.com\\\/index.php\\\/mentions-legales\\\/\",\"url\":\"https:\\\/\\\/detoutazimut.com\\\/index.php\\\/mentions-legales\\\/\",\"name\":\"Mentions l\u00e9gales - Association De Tout Azimut\",\"isPartOf\":{\"@id\":\"https:\\\/\\\/detoutazimut.com\\\/#website\"},\"datePublished\":\"2024-01-17T13:41:58+00:00\",\"dateModified\":\"2024-04-24T13:36:20+00:00\",\"description\":\"Animation cirque Marseille, initiation cirque Marseille, d\u00e9couverte cirque Marseille, stage de cirque Marseille enfants de 6-12 ans\",\"breadcrumb\":{\"@id\":\"https:\\\/\\\/detoutazimut.com\\\/index.php\\\/mentions-legales\\\/#breadcrumb\"},\"inLanguage\":\"fr-FR\",\"potentialAction\":[{\"@type\":\"ReadAction\",\"target\":[\"https:\\\/\\\/detoutazimut.com\\\/index.php\\\/mentions-legales\\\/\"]}]},{\"@type\":\"BreadcrumbList\",\"@id\":\"https:\\\/\\\/detoutazimut.com\\\/index.php\\\/mentions-legales\\\/#breadcrumb\",\"itemListElement\":[{\"@type\":\"ListItem\",\"position\":1,\"name\":\"Accueil\",\"item\":\"https:\\\/\\\/detoutazimut.com\\\/\"},{\"@type\":\"ListItem\",\"position\":2,\"name\":\"Mentions l\u00e9gales\"}]},{\"@type\":\"WebSite\",\"@id\":\"https:\\\/\\\/detoutazimut.com\\\/#website\",\"url\":\"https:\\\/\\\/detoutazimut.com\\\/\",\"name\":\"Association De Tout Azimut\",\"description\":\"Cours et initiation cirque pour les 4-12 ans \u00e0 Marseille\",\"publisher\":{\"@id\":\"https:\\\/\\\/detoutazimut.com\\\/#\\\/schema\\\/person\\\/09e895a1c9a834b0fd75e7feb5c35e37\"},\"potentialAction\":[{\"@type\":\"SearchAction\",\"target\":{\"@type\":\"EntryPoint\",\"urlTemplate\":\"https:\\\/\\\/detoutazimut.com\\\/?s={search_term_string}\"},\"query-input\":{\"@type\":\"PropertyValueSpecification\",\"valueRequired\":true,\"valueName\":\"search_term_string\"}}],\"inLanguage\":\"fr-FR\"},{\"@type\":[\"Person\",\"Organization\"],\"@id\":\"https:\\\/\\\/detoutazimut.com\\\/#\\\/schema\\\/person\\\/09e895a1c9a834b0fd75e7feb5c35e37\",\"name\":\"Fabrice\",\"image\":{\"@type\":\"ImageObject\",\"inLanguage\":\"fr-FR\",\"@id\":\"https:\\\/\\\/detoutazimut.com\\\/wp-content\\\/uploads\\\/2020\\\/04\\\/logo-association-de-tout-azimut-2024.png\",\"url\":\"https:\\\/\\\/detoutazimut.com\\\/wp-content\\\/uploads\\\/2020\\\/04\\\/logo-association-de-tout-azimut-2024.png\",\"contentUrl\":\"https:\\\/\\\/detoutazimut.com\\\/wp-content\\\/uploads\\\/2020\\\/04\\\/logo-association-de-tout-azimut-2024.png\",\"width\":732,\"height\":202,\"caption\":\"Fabrice\"},\"logo\":{\"@id\":\"https:\\\/\\\/detoutazimut.com\\\/wp-content\\\/uploads\\\/2020\\\/04\\\/logo-association-de-tout-azimut-2024.png\"},\"sameAs\":[\"https:\\\/\\\/detoutazimut.com\"]}]}<\/script>\n<!-- \/ Yoast SEO plugin. -->","yoast_head_json":{"title":"Mentions l\u00e9gales - Association De Tout Azimut","description":"Animation cirque Marseille, initiation cirque Marseille, d\u00e9couverte cirque Marseille, stage de cirque Marseille enfants de 6-12 ans","robots":{"index":"index","follow":"follow","max-snippet":"max-snippet:-1","max-image-preview":"max-image-preview:large","max-video-preview":"max-video-preview:-1"},"canonical":"https:\/\/detoutazimut.com\/index.php\/mentions-legales\/","og_locale":"fr_FR","og_type":"article","og_title":"Mentions l\u00e9gales - Association De Tout Azimut","og_description":"Animation cirque Marseille, initiation cirque Marseille, d\u00e9couverte cirque Marseille, stage de cirque Marseille enfants de 6-12 ans","og_url":"https:\/\/detoutazimut.com\/index.php\/mentions-legales\/","og_site_name":"Association De Tout Azimut","article_modified_time":"2024-04-24T13:36:20+00:00","twitter_card":"summary_large_image","twitter_misc":{"Dur\u00e9e de lecture estim\u00e9e":"2 minutes"},"schema":{"@context":"https:\/\/schema.org","@graph":[{"@type":"WebPage","@id":"https:\/\/detoutazimut.com\/index.php\/mentions-legales\/","url":"https:\/\/detoutazimut.com\/index.php\/mentions-legales\/","name":"Mentions l\u00e9gales - Association De Tout Azimut","isPartOf":{"@id":"https:\/\/detoutazimut.com\/#website"},"datePublished":"2024-01-17T13:41:58+00:00","dateModified":"2024-04-24T13:36:20+00:00","description":"Animation cirque Marseille, initiation cirque Marseille, d\u00e9couverte cirque Marseille, stage de cirque Marseille enfants de 6-12 ans","breadcrumb":{"@id":"https:\/\/detoutazimut.com\/index.php\/mentions-legales\/#breadcrumb"},"inLanguage":"fr-FR","potentialAction":[{"@type":"ReadAction","target":["https:\/\/detoutazimut.com\/index.php\/mentions-legales\/"]}]},{"@type":"BreadcrumbList","@id":"https:\/\/detoutazimut.com\/index.php\/mentions-legales\/#breadcrumb","itemListElement":[{"@type":"ListItem","position":1,"name":"Accueil","item":"https:\/\/detoutazimut.com\/"},{"@type":"ListItem","position":2,"name":"Mentions l\u00e9gales"}]},{"@type":"WebSite","@id":"https:\/\/detoutazimut.com\/#website","url":"https:\/\/detoutazimut.com\/","name":"Association De Tout Azimut","description":"Cours et initiation cirque pour les 4-12 ans \u00e0 Marseille","publisher":{"@id":"https:\/\/detoutazimut.com\/#\/schema\/person\/09e895a1c9a834b0fd75e7feb5c35e37"},"potentialAction":[{"@type":"SearchAction","target":{"@type":"EntryPoint","urlTemplate":"https:\/\/detoutazimut.com\/?s={search_term_string}"},"query-input":{"@type":"PropertyValueSpecification","valueRequired":true,"valueName":"search_term_string"}}],"inLanguage":"fr-FR"},{"@type":["Person","Organization"],"@id":"https:\/\/detoutazimut.com\/#\/schema\/person\/09e895a1c9a834b0fd75e7feb5c35e37","name":"Fabrice","image":{"@type":"ImageObject","inLanguage":"fr-FR","@id":"https:\/\/detoutazimut.com\/wp-content\/uploads\/2020\/04\/logo-association-de-tout-azimut-2024.png","url":"https:\/\/detoutazimut.com\/wp-content\/uploads\/2020\/04\/logo-association-de-tout-azimut-2024.png","contentUrl":"https:\/\/detoutazimut.com\/wp-content\/uploads\/2020\/04\/logo-association-de-tout-azimut-2024.png","width":732,"height":202,"caption":"Fabrice"},"logo":{"@id":"https:\/\/detoutazimut.com\/wp-content\/uploads\/2020\/04\/logo-association-de-tout-azimut-2024.png"},"sameAs":["https:\/\/detoutazimut.com"]}]}},"_links":{"self":[{"href":"https:\/\/detoutazimut.com\/index.php\/wp-json\/wp\/v2\/pages\/1357","targetHints":{"allow":["GET"]}}],"collection":[{"href":"https:\/\/detoutazimut.com\/index.php\/wp-json\/wp\/v2\/pages"}],"about":[{"href":"https:\/\/detoutazimut.com\/index.php\/wp-json\/wp\/v2\/types\/page"}],"author":[{"embeddable":true,"href":"https:\/\/detoutazimut.com\/index.php\/wp-json\/wp\/v2\/users\/1"}],"replies":[{"embeddable":true,"href":"https:\/\/detoutazimut.com\/index.php\/wp-json\/wp\/v2\/comments?post=1357"}],"version-history":[{"count":37,"href":"https:\/\/detoutazimut.com\/index.php\/wp-json\/wp\/v2\/pages\/1357\/revisions"}],"predecessor-version":[{"id":2097,"href":"https:\/\/detoutazimut.com\/index.php\/wp-json\/wp\/v2\/pages\/1357\/revisions\/2097"}],"wp:attachment":[{"href":"https:\/\/detoutazimut.com\/index.php\/wp-json\/wp\/v2\/media?parent=1357"}],"curies":[{"name":"wp","href":"https:\/\/api.w.org\/{rel}","templated":true}]}}